{"id":5633,"date":"2022-10-03T12:06:31","date_gmt":"2022-10-03T12:06:31","guid":{"rendered":"https:\/\/impregneerspecialist.nl\/staging\/?page_id=5633"},"modified":"2022-10-14T10:33:57","modified_gmt":"2022-10-14T10:33:57","slug":"waarom-impregneren","status":"publish","type":"page","link":"https:\/\/impregneerspecialist.nl\/staging\/waarom-impregneren\/","title":{"rendered":"Waarom impregneren?"},"content":{"rendered":"\t\t<div data-elementor-type=\"wp-page\" data-elementor-id=\"5633\" class=\"elementor elementor-5633\" data-elementor-settings=\"[]\">\n\t\t\t\t\t\t\t<div class=\"elementor-section-wrap\">\n\t\t\t\t\t\t\t<section class=\"elementor-section elementor-top-section elementor-element elementor-element-caa3123 elementor-section-boxed elementor-section-height-default elementor-section-height-default\" data-id=\"caa3123\" data-element_type=\"section\" data-settings=\"{&quot;background_background&quot;:&quot;classic&quot;}\">\n\t\t\t\t\t\t<div class=\"elementor-container elementor-column-gap-default\">\n\t\t\t\t\t<div class=\"elementor-column elementor-col-50 elementor-top-column elementor-element elementor-element-8d8492a\" data-id=\"8d8492a\" data-element_type=\"column\">\n\t\t\t<div class=\"elementor-widget-wrap elementor-element-populated\">\n\t\t\t\t\t\t\t\t<div class=\"elementor-element elementor-element-00e31e8 elementor-widget elementor-widget-spacer\" data-id=\"00e31e8\" data-element_type=\"widget\" data-widget_type=\"spacer.default\">\n\t\t\t\t<div class=\"elementor-widget-container\">\n\t\t\t<style>\/*! elementor - v3.7.8 - 02-10-2022 *\/\n.elementor-column .elementor-spacer-inner{height:var(--spacer-size)}.e-container{--container-widget-width:100%}.e-container>.elementor-widget-spacer{width:var(--container-widget-width,var(--spacer-size));-ms-flex-item-align:stretch;align-self:stretch;-ms-flex-negative:0;flex-shrink:0}.e-container>.elementor-widget-spacer>.elementor-widget-container,.e-container>.elementor-widget-spacer>.elementor-widget-container>.elementor-spacer{height:100%}.e-container>.elementor-widget-spacer>.elementor-widget-container>.elementor-spacer>.elementor-spacer-inner{height:var(--container-widget-height,var(--spacer-size))}<\/style>\t\t<div class=\"elementor-spacer\">\n\t\t\t<div class=\"elementor-spacer-inner\"><\/div>\n\t\t<\/div>\n\t\t\t\t<\/div>\n\t\t\t\t<\/div>\n\t\t\t\t<div class=\"elementor-element elementor-element-9513663 align--tabletcenter align-left elementor-widget elementor-widget-mae-headings\" data-id=\"9513663\" data-element_type=\"widget\" data-widget_type=\"mae-headings.default\">\n\t\t\t\t<div class=\"elementor-widget-container\">\n\t\t\t\t\t<div class=\"master-heading\">\n\t        \t            <div class=\"pre-heading\">Wat zijn de voordelen van het impregneren van een gevel?<\/div>\n\t        \n\t        \n\t        \t        <div class=\"divider\"><\/div>\n\t        \n\t        \t    <\/div>\n\t    \t\t<\/div>\n\t\t\t\t<\/div>\n\t\t\t\t<div class=\"elementor-element elementor-element-06a08f4 elementor-widget elementor-widget-mae-list\" data-id=\"06a08f4\" data-element_type=\"widget\" data-widget_type=\"mae-list.default\">\n\t\t\t\t<div class=\"elementor-widget-container\">\n\t\t\t\n\t\t<div class=\"master-list align-left\">\n\t\t\t<div class=\"inner\">\n\t\t        <div class=\"icon-wrap\">\n\t\t\t        \t\t\t        \t<i class=\"fas fa-check\"><\/i>\n\t\t\t        \t\t\t\t    \t\t        <\/div> \n\n\t\t        <div class=\"content-wrap\">\n\t\t            Doordat de muur waterafstotend wordt gemaakt, wordt de thermische weerstand tot wel 25% verhoogd. Dit houdt in dat een ge\u00efmpregneerde muur dus beter isoleert dan een niet ge\u00efmpregneerde muur.\t\t        <\/div>\n\t\t    <\/div>\n\t    <\/div>\n\n\t    \t\t<\/div>\n\t\t\t\t<\/div>\n\t\t\t\t<div class=\"elementor-element elementor-element-31e8105 elementor-widget elementor-widget-mae-list\" data-id=\"31e8105\" data-element_type=\"widget\" data-widget_type=\"mae-list.default\">\n\t\t\t\t<div class=\"elementor-widget-container\">\n\t\t\t\n\t\t<div class=\"master-list align-left\">\n\t\t\t<div class=\"inner\">\n\t\t        <div class=\"icon-wrap\">\n\t\t\t        \t\t\t        \t<i class=\"fas fa-check\"><\/i>\n\t\t\t        \t\t\t\t    \t\t        <\/div> \n\n\t\t        <div class=\"content-wrap\">\n\t\t            Daarnaast blijft een ge\u00efmpregneerde muur beter schoon. Doordat de muur waterafstotend is, blijft allerlei vuil ook niet of minder goed aan de muur hechten. Hierdoor zal de muur schoner blijven en na reiniging er ook schoner uitzien.\t\t        <\/div>\n\t\t    <\/div>\n\t    <\/div>\n\n\t    \t\t<\/div>\n\t\t\t\t<\/div>\n\t\t\t\t<div class=\"elementor-element elementor-element-a1f49bc elementor-widget elementor-widget-mae-list\" data-id=\"a1f49bc\" data-element_type=\"widget\" data-widget_type=\"mae-list.default\">\n\t\t\t\t<div class=\"elementor-widget-container\">\n\t\t\t\n\t\t<div class=\"master-list align-left\">\n\t\t\t<div class=\"inner\">\n\t\t        <div class=\"icon-wrap\">\n\t\t\t        \t\t\t        \t<i class=\"fas fa-check\"><\/i>\n\t\t\t        \t\t\t\t    \t\t        <\/div> \n\n\t\t        <div class=\"content-wrap\">\n\t\t            Ook zullen mos en algen minder goed aan de muur kunnen hechten, waardoor de gevel er langer prima uit blijft zien.\t\t        <\/div>\n\t\t    <\/div>\n\t    <\/div>\n\n\t    \t\t<\/div>\n\t\t\t\t<\/div>\n\t\t\t\t<div class=\"elementor-element elementor-element-2cb3c85 elementor-widget elementor-widget-mae-list\" data-id=\"2cb3c85\" data-element_type=\"widget\" data-widget_type=\"mae-list.default\">\n\t\t\t\t<div class=\"elementor-widget-container\">\n\t\t\t\n\t\t<div class=\"master-list align-left\">\n\t\t\t<div class=\"inner\">\n\t\t        <div class=\"icon-wrap\">\n\t\t\t        \t\t\t        \t<i class=\"fas fa-check\"><\/i>\n\t\t\t        \t\t\t\t    \t\t        <\/div> \n\n\t\t        <div class=\"content-wrap\">\n\t\t            Het impregneermiddel een lange tijd zitten, waardoor een eenmalige investering lang effect kan blijven houden. Een goede investering dus.\t\t        <\/div>\n\t\t    <\/div>\n\t    <\/div>\n\n\t    \t\t<\/div>\n\t\t\t\t<\/div>\n\t\t\t\t\t<\/div>\n\t\t<\/div>\n\t\t\t\t<div class=\"elementor-column elementor-col-50 elementor-top-column elementor-element elementor-element-7a726b4\" data-id=\"7a726b4\" data-element_type=\"column\">\n\t\t\t<div class=\"elementor-widget-wrap elementor-element-populated\">\n\t\t\t\t\t\t\t\t<div class=\"elementor-element elementor-element-fd2fb97 elementor-aspect-ratio-916 elementor-widget elementor-widget-video\" data-id=\"fd2fb97\" data-element_type=\"widget\" data-settings=\"{&quot;video_type&quot;:&quot;hosted&quot;,&quot;show_image_overlay&quot;:&quot;yes&quot;,&quot;image_overlay&quot;:{&quot;url&quot;:&quot;https:\\\/\\\/impregneerspecialist.nl\\\/staging\\\/wp-content\\\/uploads\\\/2022\\\/10\\\/IMG_5168-scaled.jpeg&quot;,&quot;id&quot;:5543,&quot;alt&quot;:&quot;&quot;,&quot;source&quot;:&quot;library&quot;},&quot;lightbox&quot;:&quot;yes&quot;,&quot;aspect_ratio&quot;:&quot;916&quot;,&quot;lightbox_content_position&quot;:&quot;top&quot;,&quot;controls&quot;:&quot;yes&quot;}\" data-widget_type=\"video.default\">\n\t\t\t\t<div class=\"elementor-widget-container\">\n\t\t\t<style>\/*! elementor - v3.5.6 - 28-02-2022 *\/\n.elementor-widget-video .elementor-widget-container{overflow:hidden;-webkit-transform:translateZ(0);transform:translateZ(0)}.elementor-widget-video .elementor-open-inline .elementor-custom-embed-image-overlay{position:absolute;top:0;left:0;width:100%;height:100%;-webkit-background-size:cover;background-size:cover;background-position:50%}.elementor-widget-video .elementor-custom-embed-image-overlay{cursor:pointer;text-align:center}.elementor-widget-video .elementor-custom-embed-image-overlay:hover .elementor-custom-embed-play i{opacity:1}.elementor-widget-video .elementor-custom-embed-image-overlay img{display:block;width:100%}.elementor-widget-video .e-hosted-video .elementor-video{-o-object-fit:cover;object-fit:cover}<\/style>\t\t<div class=\"e-hosted-video elementor-wrapper elementor-open-lightbox\">\n\t\t\t\t\t\t\t<div class=\"elementor-custom-embed-image-overlay\" data-elementor-open-lightbox=\"yes\" data-elementor-lightbox=\"{&quot;type&quot;:&quot;video&quot;,&quot;videoType&quot;:&quot;hosted&quot;,&quot;url&quot;:&quot;https:\\\/\\\/impregneerspecialist.nl\\\/staging\\\/wp-content\\\/uploads\\\/2022\\\/10\\\/IMG_7034.mov&quot;,&quot;modalOptions&quot;:{&quot;id&quot;:&quot;elementor-lightbox-fd2fb97&quot;,&quot;entranceAnimation&quot;:&quot;&quot;,&quot;entranceAnimation_tablet&quot;:&quot;&quot;,&quot;entranceAnimation_mobile&quot;:&quot;&quot;,&quot;videoAspectRatio&quot;:&quot;916&quot;},&quot;videoParams&quot;:{&quot;controls&quot;:&quot;&quot;,&quot;controlsList&quot;:&quot;nodownload&quot;}}\" e-action-hash=\"#elementor-action%3Aaction%3Dlightbox%26settings%3DeyJ0eXBlIjoidmlkZW8iLCJ2aWRlb1R5cGUiOiJob3N0ZWQiLCJ1cmwiOiJodHRwczpcL1wvaW1wcmVnbmVlcnNwZWNpYWxpc3QubmxcL3N0YWdpbmdcL3dwLWNvbnRlbnRcL3VwbG9hZHNcLzIwMjJcLzEwXC9JTUdfNzAzNC5tb3YiLCJtb2RhbE9wdGlvbnMiOnsiaWQiOiJlbGVtZW50b3ItbGlnaHRib3gtZmQyZmI5NyIsImVudHJhbmNlQW5pbWF0aW9uIjoiIiwiZW50cmFuY2VBbmltYXRpb25fdGFibGV0IjoiIiwiZW50cmFuY2VBbmltYXRpb25fbW9iaWxlIjoiIiwidmlkZW9Bc3BlY3RSYXRpbyI6IjkxNiJ9LCJ2aWRlb1BhcmFtcyI6eyJjb250cm9scyI6IiIsImNvbnRyb2xzTGlzdCI6Im5vZG93bmxvYWQifX0%3D\">\n\t\t\t\t\t\t\t\t\t\t\t<img loading=\"lazy\" decoding=\"async\" width=\"768\" height=\"1024\" src=\"https:\/\/impregneerspecialist.nl\/staging\/wp-content\/uploads\/2022\/10\/IMG_5168-768x1024.jpeg\" class=\"attachment-medium_large size-medium_large\" alt=\"\" srcset=\"https:\/\/impregneerspecialist.nl\/staging\/wp-content\/uploads\/2022\/10\/IMG_5168-768x1024.jpeg 768w, https:\/\/impregneerspecialist.nl\/staging\/wp-content\/uploads\/2022\/10\/IMG_5168-225x300.jpeg 225w, https:\/\/impregneerspecialist.nl\/staging\/wp-content\/uploads\/2022\/10\/IMG_5168-1152x1536.jpeg 1152w, https:\/\/impregneerspecialist.nl\/staging\/wp-content\/uploads\/2022\/10\/IMG_5168-1536x2048.jpeg 1536w, https:\/\/impregneerspecialist.nl\/staging\/wp-content\/uploads\/2022\/10\/IMG_5168-scaled.jpeg 1920w\" sizes=\"auto, (max-width: 768px) 100vw, 768px\" \/>\t\t\t\t\t\t\t\t\t\t\t\t\t\t\t\t<div class=\"elementor-custom-embed-play\" role=\"button\">\n\t\t\t\t\t\t\t<i aria-hidden=\"true\" class=\"eicon-play\"><\/i>\t\t\t\t\t\t\t<span class=\"elementor-screen-only\">Video afspelen<\/span>\n\t\t\t\t\t\t<\/div>\n\t\t\t\t\t\t\t\t\t<\/div>\n\t\t\t\t\t<\/div>\n\t\t\t\t<\/div>\n\t\t\t\t<\/div>\n\t\t\t\t\t<\/div>\n\t\t<\/div>\n\t\t\t\t\t\t\t<\/div>\n\t\t<\/section>\n\t\t\t\t<section class=\"elementor-section elementor-top-section elementor-element elementor-element-9cdab94 elementor-reverse-tablet elementor-reverse-mobile elementor-section-boxed elementor-section-height-default elementor-section-height-default\" data-id=\"9cdab94\" data-element_type=\"section\" data-settings=\"{&quot;background_background&quot;:&quot;classic&quot;}\">\n\t\t\t\t\t\t<div class=\"elementor-container elementor-column-gap-default\">\n\t\t\t\t\t<div class=\"elementor-column elementor-col-50 elementor-top-column elementor-element elementor-element-0ad81c5\" data-id=\"0ad81c5\" data-element_type=\"column\">\n\t\t\t<div class=\"elementor-widget-wrap elementor-element-populated\">\n\t\t\t\t\t\t\t\t<div class=\"elementor-element elementor-element-3395c89 elementor-hidden-tablet elementor-hidden-mobile elementor-invisible elementor-widget elementor-widget-mae-parallax-image\" data-id=\"3395c89\" data-element_type=\"widget\" data-settings=\"{&quot;_animation&quot;:&quot;fadeIn&quot;}\" data-widget_type=\"mae-parallax-image.default\">\n\t\t\t\t<div class=\"elementor-widget-container\">\n\t\t\t\t\t<div class=\"master-parallax-box\">\n\t\t\t<div class=\"parallax-wrap\">\n\t\t\t\t\t\t\t\t\t<div class=\"master-parallax-item elementor-repeater-item-3941405\" style=\"\" data-parallax='{\"x\" : 0, \"y\" : 0, \"smoothness\" : 30}' data-top=\"0px\" data-top-tablet=\"\" data-top-mobile=\"\"><\/div>\t\t\t\t\t\t\t\t\t<div class=\"master-parallax-item elementor-repeater-item-7c704d6\" style=\"\" data-parallax='{\"x\" : 0, \"y\" : 0, \"smoothness\" : 30}' data-top=\"3px\" data-top-tablet=\"\" data-top-mobile=\"\"><img decoding=\"async\" src=\"https:\/\/impregneerspecialist.nl\/staging\/wp-content\/uploads\/2022\/10\/IMG_6491.jpeg\" alt=\"\"><\/div>\t\t\t\t\t\t\t<\/div>\n\t\t<\/div>\n\t    \t\t<\/div>\n\t\t\t\t<\/div>\n\t\t\t\t\t<\/div>\n\t\t<\/div>\n\t\t\t\t<div class=\"elementor-column elementor-col-50 elementor-top-column elementor-element elementor-element-b853182\" data-id=\"b853182\" data-element_type=\"column\">\n\t\t\t<div class=\"elementor-widget-wrap elementor-element-populated\">\n\t\t\t\t\t\t\t\t<div class=\"elementor-element elementor-element-f87edbb elementor-widget elementor-widget-spacer\" data-id=\"f87edbb\" data-element_type=\"widget\" data-widget_type=\"spacer.default\">\n\t\t\t\t<div class=\"elementor-widget-container\">\n\t\t\t\t\t<div class=\"elementor-spacer\">\n\t\t\t<div class=\"elementor-spacer-inner\"><\/div>\n\t\t<\/div>\n\t\t\t\t<\/div>\n\t\t\t\t<\/div>\n\t\t\t\t<div class=\"elementor-element elementor-element-13f6b8a align--tabletcenter align-left elementor-widget elementor-widget-mae-headings\" data-id=\"13f6b8a\" data-element_type=\"widget\" data-widget_type=\"mae-headings.default\">\n\t\t\t\t<div class=\"elementor-widget-container\">\n\t\t\t\t\t<div class=\"master-heading\">\n\t        \t            <div class=\"pre-heading\">Werking van het impregneren<\/div>\n\t        \n\t        \n\t        \t        <div class=\"divider\"><\/div>\n\t        \n\t        \t            <div class=\"sub-heading\">Door een muur te\u00a0impregneren, zorgt u ervoor dat vocht geweerd wordt en dat het\nrisico op vorstschade afneemt. Betonnen muren en bakstenen blijven na\nhet\u00a0impregneren\u00a0een stuk mooier en gaan langer mee, doordat u voorkomt dat vocht en\nverontreiniging in de muur kunnen dringen. En niet te vergeten dat als een gevel vocht\nvasthoud het in de winter stuk kan vriezen (zie vorstschade foto\u2019s)<\/div>\n\t        \t    <\/div>\n\t    \t\t<\/div>\n\t\t\t\t<\/div>\n\t\t\t\t\t<\/div>\n\t\t<\/div>\n\t\t\t\t\t\t\t<\/div>\n\t\t<\/section>\n\t\t\t\t\t\t<\/div>\n\t\t\t\t\t<\/div>\n\t\t","protected":false},"excerpt":{"rendered":"<p>Wat zijn de voordelen van het impregneren van een gevel? Doordat de muur waterafstotend wordt gemaakt, wordt de thermische weerstand tot wel 25% verhoogd. Dit houdt in dat een ge\u00efmpregneerde muur dus beter isoleert dan een niet ge\u00efmpregneerde muur. Daarnaast blijft een ge\u00efmpregneerde muur beter schoon. Doordat de muur waterafstotend<\/p>\n","protected":false},"author":1,"featured_media":0,"parent":0,"menu_order":0,"comment_status":"closed","ping_status":"closed","template":"","meta":{"footnotes":""},"class_list":["post-5633","page","type-page","status-publish","hentry"],"_links":{"self":[{"href":"https:\/\/impregneerspecialist.nl\/staging\/wp-json\/wp\/v2\/pages\/5633","targetHints":{"allow":["GET"]}}],"collection":[{"href":"https:\/\/impregneerspecialist.nl\/staging\/wp-json\/wp\/v2\/pages"}],"about":[{"href":"https:\/\/impregneerspecialist.nl\/staging\/wp-json\/wp\/v2\/types\/page"}],"author":[{"embeddable":true,"href":"https:\/\/impregneerspecialist.nl\/staging\/wp-json\/wp\/v2\/users\/1"}],"replies":[{"embeddable":true,"href":"https:\/\/impregneerspecialist.nl\/staging\/wp-json\/wp\/v2\/comments?post=5633"}],"version-history":[{"count":62,"href":"https:\/\/impregneerspecialist.nl\/staging\/wp-json\/wp\/v2\/pages\/5633\/revisions"}],"predecessor-version":[{"id":5844,"href":"https:\/\/impregneerspecialist.nl\/staging\/wp-json\/wp\/v2\/pages\/5633\/revisions\/5844"}],"wp:attachment":[{"href":"https:\/\/impregneerspecialist.nl\/staging\/wp-json\/wp\/v2\/media?parent=5633"}],"curies":[{"name":"wp","href":"https:\/\/api.w.org\/{rel}","templated":true}]}}